{"id":24,"date":"2025-12-17T12:44:05","date_gmt":"2025-12-17T12:44:05","guid":{"rendered":"https:\/\/wordpress-7ck5p.wasmer.app\/?page_id=24"},"modified":"2026-02-05T10:48:46","modified_gmt":"2026-02-05T10:48:46","slug":"w-czym-moge-pomoc-2","status":"publish","type":"page","link":"https:\/\/www.nataliapsycholog.pl\/index.php\/w-czym-moge-pomoc-2\/","title":{"rendered":"W czym mog\u0119 pom\u00f3c"},"content":{"rendered":"\t\t<div data-elementor-type=\"wp-post\" data-elementor-id=\"24\" class=\"elementor elementor-24\">\n\t\t\t\t<div class=\"elementor-element elementor-element-68be78a e-flex e-con-boxed e-con e-parent\" data-id=\"68be78a\" data-element_type=\"container\">\n\t\t\t\t\t<div class=\"e-con-inner\">\n\t\t<div class=\"elementor-element elementor-element-0ce49f1 e-con-full e-flex e-con e-child\" data-id=\"0ce49f1\" data-element_type=\"container\">\n\t\t\t\t<div class=\"elementor-element elementor-element-0bcc6e2 elementor-widget__width-initial elementor-widget elementor-widget-heading\" data-id=\"0bcc6e2\" data-element_type=\"widget\" data-widget_type=\"heading.default\">\n\t\t\t\t<div class=\"elementor-widget-container\">\n\t\t\t\t\t<h2 class=\"elementor-heading-title elementor-size-default\">W czym mog\u0119 pom\u00f3c?<\/h2>\t\t\t\t<\/div>\n\t\t\t\t<\/div>\n\t\t\t\t<div class=\"elementor-element elementor-element-38f7472 elementor-widget elementor-widget-heading\" data-id=\"38f7472\" data-element_type=\"widget\" data-widget_type=\"heading.default\">\n\t\t\t\t<div class=\"elementor-widget-container\">\n\t\t\t\t\t<h2 class=\"elementor-heading-title elementor-size-default\"><i>Swoj\u0105 ofert\u0119 kieruje do <b>os\u00f3b doros\u0142ych<\/b>, zapewniaj\u0105c wsparcie w zakresie:<\/i><\/h2>\t\t\t\t<\/div>\n\t\t\t\t<\/div>\n\t\t<div class=\"elementor-element elementor-element-343e0ee e-con-full e-flex e-con e-child\" data-id=\"343e0ee\" data-element_type=\"container\">\n\t\t<div class=\"elementor-element elementor-element-f8a9d7f e-con-full e-flex e-con e-child\" data-id=\"f8a9d7f\" data-element_type=\"container\">\n\t\t\t\t<div class=\"elementor-element elementor-element-0cff3f0 elementor-view-default elementor-widget elementor-widget-icon\" data-id=\"0cff3f0\" data-element_type=\"widget\" data-widget_type=\"icon.default\">\n\t\t\t\t<div class=\"elementor-widget-container\">\n\t\t\t\t\t\t\t<div class=\"elementor-icon-wrapper\">\n\t\t\t<div class=\"elementor-icon\">\n\t\t\t<svg aria-hidden=\"true\" class=\"e-font-icon-svg e-fas-hands-helping\" viewBox=\"0 0 640 512\" xmlns=\"http:\/\/www.w3.org\/2000\/svg\"><path d=\"M488 192H336v56c0 39.7-32.3 72-72 72s-72-32.3-72-72V126.4l-64.9 39C107.8 176.9 96 197.8 96 220.2v47.3l-80 46.2C.7 322.5-4.6 342.1 4.3 357.4l80 138.6c8.8 15.3 28.4 20.5 43.7 11.7L231.4 448H368c35.3 0 64-28.7 64-64h16c17.7 0 32-14.3 32-32v-64h8c13.3 0 24-10.7 24-24v-48c0-13.3-10.7-24-24-24zm147.7-37.4L555.7 16C546.9.7 527.3-4.5 512 4.3L408.6 64H306.4c-12 0-23.7 3.4-33.9 9.7L239 94.6c-9.4 5.8-15 16.1-15 27.1V248c0 22.1 17.9 40 40 40s40-17.9 40-40v-88h184c30.9 0 56 25.1 56 56v28.5l80-46.2c15.3-8.9 20.5-28.4 11.7-43.7z\"><\/path><\/svg>\t\t\t<\/div>\n\t\t<\/div>\n\t\t\t\t\t\t<\/div>\n\t\t\t\t<\/div>\n\t\t\t\t<div class=\"elementor-element elementor-element-8c3f1db elementor-widget elementor-widget-heading\" data-id=\"8c3f1db\" data-element_type=\"widget\" data-widget_type=\"heading.default\">\n\t\t\t\t<div class=\"elementor-widget-container\">\n\t\t\t\t\t<h2 class=\"elementor-heading-title elementor-size-default\"><span style=\"font-weight:normal\" id=\"docs-internal-guid-07f6edd4-7fff-10eb-c98a-59c891646d90\"><span style=\"font-family: Arial, sans-serif;background-color: transparent;font-weight: 700;vertical-align: baseline\">Wsparcia Psychologicznego<\/span><br><span style=\"font-family: Arial, sans-serif;background-color: transparent;vertical-align: baseline\">pomoc w radzeniu sobie ze stresem, l\u0119kiem i napi\u0119ciem emocjonalnym <\/span><\/span><\/h2>\t\t\t\t<\/div>\n\t\t\t\t<\/div>\n\t\t\t\t<\/div>\n\t\t<div class=\"elementor-element elementor-element-466b689 e-con-full e-flex e-con e-child\" data-id=\"466b689\" data-element_type=\"container\">\n\t\t\t\t<div class=\"elementor-element elementor-element-358cfec elementor-view-default elementor-widget elementor-widget-icon\" data-id=\"358cfec\" data-element_type=\"widget\" data-widget_type=\"icon.default\">\n\t\t\t\t<div class=\"elementor-widget-container\">\n\t\t\t\t\t\t\t<div class=\"elementor-icon-wrapper\">\n\t\t\t<div class=\"elementor-icon\">\n\t\t\t<svg aria-hidden=\"true\" class=\"e-font-icon-svg e-fas-swimmer\" viewBox=\"0 0 640 512\" xmlns=\"http:\/\/www.w3.org\/2000\/svg\"><path d=\"M189.61 310.58c3.54 3.26 15.27 9.42 34.39 9.42s30.86-6.16 34.39-9.42c16.02-14.77 34.5-22.58 53.46-22.58h16.3c18.96 0 37.45 7.81 53.46 22.58 3.54 3.26 15.27 9.42 34.39 9.42s30.86-6.16 34.39-9.42c14.86-13.71 31.88-21.12 49.39-22.16l-112.84-80.6 18-12.86c3.64-2.58 8.28-3.52 12.62-2.61l100.35 21.53c25.91 5.53 51.44-10.97 57-36.88 5.55-25.92-10.95-51.44-36.88-57L437.68 98.47c-30.73-6.58-63.02.12-88.56 18.38l-80.02 57.17c-10.38 7.39-19.36 16.44-26.72 26.94L173.75 299c5.47 3.23 10.82 6.93 15.86 11.58zM624 352h-16c-26.04 0-45.8-8.42-56.09-17.9-8.9-8.21-19.66-14.1-31.77-14.1h-16.3c-12.11 0-22.87 5.89-31.77 14.1C461.8 343.58 442.04 352 416 352s-45.8-8.42-56.09-17.9c-8.9-8.21-19.66-14.1-31.77-14.1h-16.3c-12.11 0-22.87 5.89-31.77 14.1C269.8 343.58 250.04 352 224 352s-45.8-8.42-56.09-17.9c-8.9-8.21-19.66-14.1-31.77-14.1h-16.3c-12.11 0-22.87 5.89-31.77 14.1C77.8 343.58 58.04 352 32 352H16c-8.84 0-16 7.16-16 16v32c0 8.84 7.16 16 16 16h16c38.62 0 72.72-12.19 96-31.84 23.28 19.66 57.38 31.84 96 31.84s72.72-12.19 96-31.84c23.28 19.66 57.38 31.84 96 31.84s72.72-12.19 96-31.84c23.28 19.66 57.38 31.84 96 31.84h16c8.84 0 16-7.16 16-16v-32c0-8.84-7.16-16-16-16zm-512-96c44.18 0 80-35.82 80-80s-35.82-80-80-80-80 35.82-80 80 35.82 80 80 80z\"><\/path><\/svg>\t\t\t<\/div>\n\t\t<\/div>\n\t\t\t\t\t\t<\/div>\n\t\t\t\t<\/div>\n\t\t\t\t<div class=\"elementor-element elementor-element-3112c2a elementor-widget elementor-widget-heading\" data-id=\"3112c2a\" data-element_type=\"widget\" data-widget_type=\"heading.default\">\n\t\t\t\t<div class=\"elementor-widget-container\">\n\t\t\t\t\t<h2 class=\"elementor-heading-title elementor-size-default\"><span style=\"font-weight:normal\"><span style=\"font-family: Arial, sans-serif;background-color: transparent;font-weight: 700;vertical-align: baseline\">Treningu Mentalnego i Psychologii Sportu<\/span><span style=\"font-family: Arial, sans-serif;background-color: transparent;vertical-align: baseline\"> <\/span><\/span><br><span style=\"font-weight:normal\"><span style=\"font-family: Arial, sans-serif;background-color: transparent;vertical-align: baseline\">wzmacnianie motywacji, koncentracji, pewno\u015bci siebie, pracy z celami u <\/span><span style=\"font-family: Arial, sans-serif;background-color: transparent;font-weight: 700;vertical-align: baseline\">zawodnik\u00f3w oraz grup<\/span><\/span><\/h2>\t\t\t\t<\/div>\n\t\t\t\t<\/div>\n\t\t\t\t<\/div>\n\t\t<div class=\"elementor-element elementor-element-69fc584 e-con-full e-flex e-con e-child\" data-id=\"69fc584\" data-element_type=\"container\">\n\t\t\t\t<div class=\"elementor-element elementor-element-fc99cb9 elementor-view-default elementor-widget elementor-widget-icon\" data-id=\"fc99cb9\" data-element_type=\"widget\" data-widget_type=\"icon.default\">\n\t\t\t\t<div class=\"elementor-widget-container\">\n\t\t\t\t\t\t\t<div class=\"elementor-icon-wrapper\">\n\t\t\t<div class=\"elementor-icon\">\n\t\t\t<svg aria-hidden=\"true\" class=\"e-font-icon-svg e-fas-hand-holding-medical\" viewBox=\"0 0 576 512\" xmlns=\"http:\/\/www.w3.org\/2000\/svg\"><path d=\"M159.88,175.82h64v64a16,16,0,0,0,16,16h64a16,16,0,0,0,16-16v-64h64a16,16,0,0,0,16-16v-64a16,16,0,0,0-16-16h-64v-64a16,16,0,0,0-16-16h-64a16,16,0,0,0-16,16v64h-64a16,16,0,0,0-16,16v64A16,16,0,0,0,159.88,175.82ZM568.07,336.13a39.91,39.91,0,0,0-55.93-8.47L392.47,415.84H271.86a16,16,0,0,1,0-32H350.1c16,0,30.75-10.87,33.37-26.61a32.06,32.06,0,0,0-31.62-37.38h-160a117.7,117.7,0,0,0-74.12,26.25l-46.5,37.74H15.87a16.11,16.11,0,0,0-16,16v96a16.11,16.11,0,0,0,16,16h347a104.8,104.8,0,0,0,61.7-20.27L559.6,392A40,40,0,0,0,568.07,336.13Z\"><\/path><\/svg>\t\t\t<\/div>\n\t\t<\/div>\n\t\t\t\t\t\t<\/div>\n\t\t\t\t<\/div>\n\t\t\t\t<div class=\"elementor-element elementor-element-c215b14 elementor-widget elementor-widget-heading\" data-id=\"c215b14\" data-element_type=\"widget\" data-widget_type=\"heading.default\">\n\t\t\t\t<div class=\"elementor-widget-container\">\n\t\t\t\t\t<h2 class=\"elementor-heading-title elementor-size-default\"><span style=\"font-weight:normal\"><span style=\"font-family: Arial, sans-serif;background-color: transparent;font-weight: 700;vertical-align: baseline\">Profilaktyki Wypalenia Zawodowego i Sportowego<\/span><\/span><br><span style=\"font-weight:normal\"><span style=\"font-family: Arial, sans-serif;background-color: transparent;vertical-align: baseline\">techniki regeneracji, radzenia sobie ze stresem, dbania o zasoby i r\u00f3wnowag\u0119 zawodow\u0105<\/span><\/span><\/h2>\t\t\t\t<\/div>\n\t\t\t\t<\/div>\n\t\t\t\t<\/div>\n\t\t<div class=\"elementor-element elementor-element-93007e4 e-con-full e-flex e-con e-child\" data-id=\"93007e4\" data-element_type=\"container\">\n\t\t\t\t<div class=\"elementor-element elementor-element-d6d739a elementor-view-default elementor-widget elementor-widget-icon\" data-id=\"d6d739a\" data-element_type=\"widget\" data-widget_type=\"icon.default\">\n\t\t\t\t<div class=\"elementor-widget-container\">\n\t\t\t\t\t\t\t<div class=\"elementor-icon-wrapper\">\n\t\t\t<div class=\"elementor-icon\">\n\t\t\t<svg aria-hidden=\"true\" class=\"e-font-icon-svg e-far-building\" viewBox=\"0 0 448 512\" xmlns=\"http:\/\/www.w3.org\/2000\/svg\"><path d=\"M128 148v-40c0-6.6 5.4-12 12-12h40c6.6 0 12 5.4 12 12v40c0 6.6-5.4 12-12 12h-40c-6.6 0-12-5.4-12-12zm140 12h40c6.6 0 12-5.4 12-12v-40c0-6.6-5.4-12-12-12h-40c-6.6 0-12 5.4-12 12v40c0 6.6 5.4 12 12 12zm-128 96h40c6.6 0 12-5.4 12-12v-40c0-6.6-5.4-12-12-12h-40c-6.6 0-12 5.4-12 12v40c0 6.6 5.4 12 12 12zm128 0h40c6.6 0 12-5.4 12-12v-40c0-6.6-5.4-12-12-12h-40c-6.6 0-12 5.4-12 12v40c0 6.6 5.4 12 12 12zm-76 84v-40c0-6.6-5.4-12-12-12h-40c-6.6 0-12 5.4-12 12v40c0 6.6 5.4 12 12 12h40c6.6 0 12-5.4 12-12zm76 12h40c6.6 0 12-5.4 12-12v-40c0-6.6-5.4-12-12-12h-40c-6.6 0-12 5.4-12 12v40c0 6.6 5.4 12 12 12zm180 124v36H0v-36c0-6.6 5.4-12 12-12h19.5V24c0-13.3 10.7-24 24-24h337c13.3 0 24 10.7 24 24v440H436c6.6 0 12 5.4 12 12zM79.5 463H192v-67c0-6.6 5.4-12 12-12h40c6.6 0 12 5.4 12 12v67h112.5V49L80 48l-.5 415z\"><\/path><\/svg>\t\t\t<\/div>\n\t\t<\/div>\n\t\t\t\t\t\t<\/div>\n\t\t\t\t<\/div>\n\t\t\t\t<div class=\"elementor-element elementor-element-e9a49e3 elementor-widget elementor-widget-heading\" data-id=\"e9a49e3\" data-element_type=\"widget\" data-widget_type=\"heading.default\">\n\t\t\t\t<div class=\"elementor-widget-container\">\n\t\t\t\t\t<h2 class=\"elementor-heading-title elementor-size-default\"><span style=\"font-weight:normal\"><span style=\"font-family: Arial, sans-serif;background-color: transparent;font-weight: 700;vertical-align: baseline\">Rozwoju Osobistego i Zawodowego<\/span><span style=\"font-family: Arial, sans-serif;background-color: transparent;vertical-align: baseline\"> <\/span><\/span><br><span style=\"font-weight:normal\"><span style=\"font-family: Arial, sans-serif;background-color: transparent;vertical-align: baseline\">odkrywanie mocnych stron, planowanie kariery, zarz\u0105dzanie zmian\u0105, r\u00f3wnie\u017c w kontek\u015bcie do\u015bwiadcze\u0144 zawodowych<\/span><\/span><\/h2>\t\t\t\t<\/div>\n\t\t\t\t<\/div>\n\t\t\t\t<\/div>\n\t\t\t\t<\/div>\n\t\t\t\t<\/div>\n\t\t\t\t\t<\/div>\n\t\t\t\t<\/div>\n\t\t<div class=\"elementor-element elementor-element-del302r e-flex e-con-boxed e-con e-parent\" data-id=\"del302r\" data-element_type=\"container\" data-settings=\"{&quot;background_background&quot;:&quot;classic&quot;}\">\n\t\t\t\t\t<div class=\"e-con-inner\">\n\t\t<div class=\"elementor-element elementor-element-0210ac4 e-con-full e-flex e-con e-child\" data-id=\"0210ac4\" data-element_type=\"container\">\n\t\t\t\t<div class=\"elementor-element elementor-element-ebf147d elementor-widget elementor-widget-heading\" data-id=\"ebf147d\" data-element_type=\"widget\" data-widget_type=\"heading.default\">\n\t\t\t\t<div class=\"elementor-widget-container\">\n\t\t\t\t\t<h2 class=\"elementor-heading-title elementor-size-default\">Szczeg\u00f3lnie bliskie s\u0105 mi tematy...<\/h2>\t\t\t\t<\/div>\n\t\t\t\t<\/div>\n\t\t\t\t<div class=\"elementor-element elementor-element-7df86bd elementor-widget elementor-widget-text-editor\" data-id=\"7df86bd\" data-element_type=\"widget\" data-widget_type=\"text-editor.default\">\n\t\t\t\t<div class=\"elementor-widget-container\">\n\t\t\t\t\t\t\t\t\t<p><b>motywacji, samooceny, <\/b>oraz<b> <\/b>wzmacniania<b> odporno\u015bci psychicznej<\/b><span style=\"font-weight: 400;\">, a tak\u017ce trudno\u015bci zwi\u0105zane ze <\/span><b>stresem<\/b><span style=\"font-weight: 400;\">, <\/span><b>l\u0119kiem, napi\u0119ciem, regulacj\u0105 emocji <\/b>oraz<b> funkcjonowaniem w pracy i sporcie<\/b><span style=\"font-weight: 400;\">.<\/span><\/p><p>W swojej pracy kieruj\u0119 si\u0119 <strong>empati\u0105<\/strong>, <strong>uwa\u017cno\u015bci\u0105<\/strong> i <strong>indywidualnym podej\u015bciem.<\/strong> Korzystam z <strong>narz\u0119dzi i metod<\/strong>, kt\u00f3rych skuteczno\u015b\u0107 zosta\u0142a <strong>potwierdzona w badaniach psychologicznych<\/strong>, dobieraj\u0105c je elastycznie do <strong>potrzeb, mo\u017cliwo\u015bci i cel\u00f3w<\/strong> osoby, z kt\u00f3r\u0105 pracuj\u0119.<\/p>\t\t\t\t\t\t\t\t<\/div>\n\t\t\t\t<\/div>\n\t\t\t\t<\/div>\n\t\t<div class=\"elementor-element elementor-element-59edc8b e-con-full e-flex e-con e-child\" data-id=\"59edc8b\" data-element_type=\"container\">\n\t\t\t\t<div class=\"elementor-element elementor-element-3355122 elementor-widget elementor-widget-image\" data-id=\"3355122\" data-element_type=\"widget\" data-widget_type=\"image.default\">\n\t\t\t\t<div class=\"elementor-widget-container\">\n\t\t\t\t\t\t\t\t\t\t\t\t\t\t\t<img fetchpriority=\"high\" decoding=\"async\" width=\"2081\" height=\"2560\" src=\"https:\/\/www.nataliapsycholog.pl\/wp-content\/uploads\/2025\/12\/IMG_3787-1-1-1-scaled.jpg\" class=\"attachment-full size-full wp-image-155\" alt=\"\" srcset=\"https:\/\/www.nataliapsycholog.pl\/wp-content\/uploads\/2025\/12\/IMG_3787-1-1-1-scaled.jpg 2081w, https:\/\/www.nataliapsycholog.pl\/wp-content\/uploads\/2025\/12\/IMG_3787-1-1-1-244x300.jpg 244w, https:\/\/www.nataliapsycholog.pl\/wp-content\/uploads\/2025\/12\/IMG_3787-1-1-1-832x1024.jpg 832w, https:\/\/www.nataliapsycholog.pl\/wp-content\/uploads\/2025\/12\/IMG_3787-1-1-1-768x945.jpg 768w, https:\/\/www.nataliapsycholog.pl\/wp-content\/uploads\/2025\/12\/IMG_3787-1-1-1-1249x1536.jpg 1249w, https:\/\/www.nataliapsycholog.pl\/wp-content\/uploads\/2025\/12\/IMG_3787-1-1-1-1665x2048.jpg 1665w\" sizes=\"(max-width: 2081px) 100vw, 2081px\" \/>\t\t\t\t\t\t\t\t\t\t\t\t\t\t\t<\/div>\n\t\t\t\t<\/div>\n\t\t\t\t<\/div>\n\t\t\t\t\t<\/div>\n\t\t\t\t<\/div>\n\t\t<div class=\"elementor-element elementor-element-84de708 e-flex e-con-boxed e-con e-parent\" data-id=\"84de708\" data-element_type=\"container\">\n\t\t\t\t\t<div class=\"e-con-inner\">\n\t\t\t\t<div class=\"elementor-element elementor-element-4f3eb5f elementor-widget-mobile__width-initial elementor-widget elementor-widget-heading\" data-id=\"4f3eb5f\" data-element_type=\"widget\" data-widget_type=\"heading.default\">\n\t\t\t\t<div class=\"elementor-widget-container\">\n\t\t\t\t\t<h2 class=\"elementor-heading-title elementor-size-default\"><a href=\"https:\/\/wordpress-7ck5p.wasmer.app\/index.php\/umow-2\/\">Zapraszam na <b>konsultacje<\/b> <b>online<\/b>, kt\u00f3re umo\u017cliwiaj\u0105 skorzystanie ze wsparcia w dogodnym dla Ciebie miejscu i czasie. <br>Z zachowaniem poczucia komfortu, poufno\u015bci i uwa\u017cno\u015bci.<\/a><\/h2>\t\t\t\t<\/div>\n\t\t\t\t<\/div>\n\t\t\t\t\t<\/div>\n\t\t\t\t<\/div>\n\t\t\t\t<\/div>\n\t\t","protected":false},"excerpt":{"rendered":"<p>W czym mog\u0119 pom\u00f3c? Swoj\u0105 ofert\u0119 kieruje do os\u00f3b doros\u0142ych, zapewniaj\u0105c wsparcie w zakresie: Wsparcia Psychologicznegopomoc w radzeniu sobie ze [&hellip;]<\/p>\n","protected":false},"author":1,"featured_media":0,"parent":0,"menu_order":0,"comment_status":"closed","ping_status":"closed","template":"","meta":{"site-sidebar-layout":"no-sidebar","site-content-layout":"","ast-site-content-layout":"full-width-container","site-content-style":"default","site-sidebar-style":"default","ast-global-header-display":"","ast-banner-title-visibility":"","ast-main-header-display":"","ast-hfb-above-header-display":"","ast-hfb-below-header-display":"","ast-hfb-mobile-header-display":"","site-post-title":"","ast-breadcrumbs-content":"","ast-featured-img":"disabled","footer-sml-layout":"","theme-transparent-header-meta":"","adv-header-id-meta":"","stick-header-meta":"","header-above-stick-meta":"","header-main-stick-meta":"","header-below-stick-meta":"","astra-migrate-meta-layouts":"default","ast-page-background-enabled":"default","ast-page-background-meta":{"desktop":{"background-color":"var(--ast-global-color-5)","background-image":"","background-repeat":"repeat","background-position":"center center","background-size":"auto","background-attachment":"scroll","background-type":"","background-media":"","overlay-type":"","overlay-color":"","overlay-opacity":"","overlay-gradient":""},"tablet":{"background-color":"","background-image":"","background-repeat":"repeat","background-position":"center center","background-size":"auto","background-attachment":"scroll","background-type":"","background-media":"","overlay-type":"","overlay-color":"","overlay-opacity":"","overlay-gradient":""},"mobile":{"background-color":"","background-image":"","background-repeat":"repeat","background-position":"center center","background-size":"auto","background-attachment":"scroll","background-type":"","background-media":"","overlay-type":"","overlay-color":"","overlay-opacity":"","overlay-gradient":""}},"ast-content-background-meta":{"desktop":{"background-color":"var(--ast-global-color-4)","background-image":"","background-repeat":"repeat","background-position":"center center","background-size":"auto","background-attachment":"scroll","background-type":"","background-media":"","overlay-type":"","overlay-color":"","overlay-opacity":"","overlay-gradient":""},"tablet":{"background-color":"var(--ast-global-color-4)","background-image":"","background-repeat":"repeat","background-position":"center center","background-size":"auto","background-attachment":"scroll","background-type":"","background-media":"","overlay-type":"","overlay-color":"","overlay-opacity":"","overlay-gradient":""},"mobile":{"background-color":"var(--ast-global-color-4)","background-image":"","background-repeat":"repeat","background-position":"center center","background-size":"auto","background-attachment":"scroll","background-type":"","background-media":"","overlay-type":"","overlay-color":"","overlay-opacity":"","overlay-gradient":""}},"footnotes":""},"class_list":["post-24","page","type-page","status-publish","hentry"],"_links":{"self":[{"href":"https:\/\/www.nataliapsycholog.pl\/index.php\/wp-json\/wp\/v2\/pages\/24","targetHints":{"allow":["GET"]}}],"collection":[{"href":"https:\/\/www.nataliapsycholog.pl\/index.php\/wp-json\/wp\/v2\/pages"}],"about":[{"href":"https:\/\/www.nataliapsycholog.pl\/index.php\/wp-json\/wp\/v2\/types\/page"}],"author":[{"embeddable":true,"href":"https:\/\/www.nataliapsycholog.pl\/index.php\/wp-json\/wp\/v2\/users\/1"}],"replies":[{"embeddable":true,"href":"https:\/\/www.nataliapsycholog.pl\/index.php\/wp-json\/wp\/v2\/comments?post=24"}],"version-history":[{"count":0,"href":"https:\/\/www.nataliapsycholog.pl\/index.php\/wp-json\/wp\/v2\/pages\/24\/revisions"}],"wp:attachment":[{"href":"https:\/\/www.nataliapsycholog.pl\/index.php\/wp-json\/wp\/v2\/media?parent=24"}],"curies":[{"name":"wp","href":"https:\/\/api.w.org\/{rel}","templated":true}]}}