{"id":27,"date":"2025-12-17T13:06:30","date_gmt":"2025-12-17T13:06:30","guid":{"rendered":"https:\/\/wordpress-7ck5p.wasmer.app\/?page_id=27"},"modified":"2026-02-04T15:19:21","modified_gmt":"2026-02-04T15:19:21","slug":"strona-glowna","status":"publish","type":"page","link":"https:\/\/www.nataliapsycholog.pl\/","title":{"rendered":"Strona g\u0142\u00f3wna"},"content":{"rendered":"\t\t<div data-elementor-type=\"wp-post\" data-elementor-id=\"27\" class=\"elementor elementor-27\">\n\t\t\t\t<div class=\"elementor-element elementor-element-k8w5qdw e-flex e-con-boxed e-con e-parent\" data-id=\"k8w5qdw\" data-element_type=\"container\" data-settings=\"{&quot;background_background&quot;:&quot;classic&quot;}\">\n\t\t\t\t\t<div class=\"e-con-inner\">\n\t\t<div class=\"elementor-element elementor-element-03b714b e-con-full e-flex e-con e-child\" data-id=\"03b714b\" data-element_type=\"container\">\n\t\t\t\t<div class=\"elementor-element elementor-element-a9f4b8a elementor-widget elementor-widget-heading\" data-id=\"a9f4b8a\" data-element_type=\"widget\" data-widget_type=\"heading.default\">\n\t\t\t\t<div class=\"elementor-widget-container\">\n\t\t\t\t\t<h1 class=\"elementor-heading-title elementor-size-default\">Natalia Kaczmarczyk | Psychologia<\/h1>\t\t\t\t<\/div>\n\t\t\t\t<\/div>\n\t\t\t\t<div class=\"elementor-element elementor-element-97f9127 elementor-widget elementor-widget-text-editor\" data-id=\"97f9127\" data-element_type=\"widget\" data-widget_type=\"text-editor.default\">\n\t\t\t\t<div class=\"elementor-widget-container\">\n\t\t\t\t\t\t\t\t\t<p><i>Twoja przestrze\u0144 wspieraj\u0105ca proces&nbsp;<\/i><i style=\"font-weight: inherit;\">zmiany,&nbsp;<\/i><i style=\"font-weight: inherit;\">rozwoju i regeneracji<\/i><\/p>\t\t\t\t\t\t\t\t<\/div>\n\t\t\t\t<\/div>\n\t\t\t\t<div class=\"elementor-element elementor-element-f501e19 elementor-widget__width-auto elementor-widget-mobile__width-inherit elementor-widget elementor-widget-button\" data-id=\"f501e19\" data-element_type=\"widget\" data-widget_type=\"button.default\">\n\t\t\t\t<div class=\"elementor-widget-container\">\n\t\t\t\t\t\t\t\t\t<div class=\"elementor-button-wrapper\">\n\t\t\t\t\t<a class=\"elementor-button elementor-button-link elementor-size-sm\" href=\"#c2y8\">\n\t\t\t\t\t\t<span class=\"elementor-button-content-wrapper\">\n\t\t\t\t\t\t<span class=\"elementor-button-icon\">\n\t\t\t\t<svg aria-hidden=\"true\" class=\"e-font-icon-svg e-far-calendar-alt\" viewBox=\"0 0 448 512\" xmlns=\"http:\/\/www.w3.org\/2000\/svg\"><path d=\"M148 288h-40c-6.6 0-12-5.4-12-12v-40c0-6.6 5.4-12 12-12h40c6.6 0 12 5.4 12 12v40c0 6.6-5.4 12-12 12zm108-12v-40c0-6.6-5.4-12-12-12h-40c-6.6 0-12 5.4-12 12v40c0 6.6 5.4 12 12 12h40c6.6 0 12-5.4 12-12zm96 0v-40c0-6.6-5.4-12-12-12h-40c-6.6 0-12 5.4-12 12v40c0 6.6 5.4 12 12 12h40c6.6 0 12-5.4 12-12zm-96 96v-40c0-6.6-5.4-12-12-12h-40c-6.6 0-12 5.4-12 12v40c0 6.6 5.4 12 12 12h40c6.6 0 12-5.4 12-12zm-96 0v-40c0-6.6-5.4-12-12-12h-40c-6.6 0-12 5.4-12 12v40c0 6.6 5.4 12 12 12h40c6.6 0 12-5.4 12-12zm192 0v-40c0-6.6-5.4-12-12-12h-40c-6.6 0-12 5.4-12 12v40c0 6.6 5.4 12 12 12h40c6.6 0 12-5.4 12-12zm96-260v352c0 26.5-21.5 48-48 48H48c-26.5 0-48-21.5-48-48V112c0-26.5 21.5-48 48-48h48V12c0-6.6 5.4-12 12-12h40c6.6 0 12 5.4 12 12v52h128V12c0-6.6 5.4-12 12-12h40c6.6 0 12 5.4 12 12v52h48c26.5 0 48 21.5 48 48zm-48 346V160H48v298c0 3.3 2.7 6 6 6h340c3.3 0 6-2.7 6-6z\"><\/path><\/svg>\t\t\t<\/span>\n\t\t\t\t\t\t\t\t\t<span class=\"elementor-button-text\">Um\u00f3w si\u0119 na konsultacje<\/span>\n\t\t\t\t\t<\/span>\n\t\t\t\t\t<\/a>\n\t\t\t\t<\/div>\n\t\t\t\t\t\t\t\t<\/div>\n\t\t\t\t<\/div>\n\t\t\t\t<\/div>\n\t\t\t\t\t<\/div>\n\t\t\t\t<\/div>\n\t\t<div class=\"elementor-element elementor-element-yqiiqdz e-flex e-con-boxed e-con e-parent\" data-id=\"yqiiqdz\" data-element_type=\"container\" data-settings=\"{&quot;background_background&quot;:&quot;classic&quot;}\">\n\t\t\t\t\t<div class=\"e-con-inner\">\n\t\t<div class=\"elementor-element elementor-element-2c13e8f e-con-full e-flex e-con e-child\" data-id=\"2c13e8f\" data-element_type=\"container\" data-settings=\"{&quot;background_background&quot;:&quot;gradient&quot;}\">\n\t\t<div class=\"elementor-element elementor-element-b130b85 e-con-full e-flex e-con e-child\" data-id=\"b130b85\" data-element_type=\"container\">\n\t\t<div class=\"elementor-element elementor-element-877efa0 e-con-full e-flex e-con e-child\" data-id=\"877efa0\" data-element_type=\"container\" data-settings=\"{&quot;background_background&quot;:&quot;classic&quot;}\">\n\t\t\t\t<div class=\"elementor-element elementor-element-e131d52 elementor-widget-divider--view-line elementor-widget elementor-widget-divider\" data-id=\"e131d52\" data-element_type=\"widget\" data-widget_type=\"divider.default\">\n\t\t\t\t<div class=\"elementor-widget-container\">\n\t\t\t\t\t\t\t<div class=\"elementor-divider\">\n\t\t\t<span class=\"elementor-divider-separator\">\n\t\t\t\t\t\t<\/span>\n\t\t<\/div>\n\t\t\t\t\t\t<\/div>\n\t\t\t\t<\/div>\n\t\t\t\t<div class=\"elementor-element elementor-element-2a87c53 elementor-widget elementor-widget-heading\" data-id=\"2a87c53\" data-element_type=\"widget\" data-widget_type=\"heading.default\">\n\t\t\t\t<div class=\"elementor-widget-container\">\n\t\t\t\t\t<h2 class=\"elementor-heading-title elementor-size-default\">G\u0142\u00f3wne obszary pracy<\/h2>\t\t\t\t<\/div>\n\t\t\t\t<\/div>\n\t\t\t\t<\/div>\n\t\t\t\t<\/div>\n\t\t<div class=\"elementor-element elementor-element-13f11ab e-con-full e-flex e-con e-child\" data-id=\"13f11ab\" data-element_type=\"container\">\n\t\t<div class=\"elementor-element elementor-element-54178e3 e-con-full e-flex e-con e-child\" data-id=\"54178e3\" data-element_type=\"container\" data-settings=\"{&quot;background_background&quot;:&quot;classic&quot;}\">\n\t\t\t\t<div class=\"elementor-element elementor-element-99b6eaa elementor-view-default elementor-widget elementor-widget-icon\" data-id=\"99b6eaa\" data-element_type=\"widget\" data-widget_type=\"icon.default\">\n\t\t\t\t<div class=\"elementor-widget-container\">\n\t\t\t\t\t\t\t<div class=\"elementor-icon-wrapper\">\n\t\t\t<div class=\"elementor-icon\">\n\t\t\t<svg aria-hidden=\"true\" class=\"e-font-icon-svg e-fas-brain\" viewBox=\"0 0 576 512\" xmlns=\"http:\/\/www.w3.org\/2000\/svg\"><path d=\"M208 0c-29.9 0-54.7 20.5-61.8 48.2-.8 0-1.4-.2-2.2-.2-35.3 0-64 28.7-64 64 0 4.8.6 9.5 1.7 14C52.5 138 32 166.6 32 200c0 12.6 3.2 24.3 8.3 34.9C16.3 248.7 0 274.3 0 304c0 33.3 20.4 61.9 49.4 73.9-.9 4.6-1.4 9.3-1.4 14.1 0 39.8 32.2 72 72 72 4.1 0 8.1-.5 12-1.2 9.6 28.5 36.2 49.2 68 49.2 39.8 0 72-32.2 72-72V64c0-35.3-28.7-64-64-64zm368 304c0-29.7-16.3-55.3-40.3-69.1 5.2-10.6 8.3-22.3 8.3-34.9 0-33.4-20.5-62-49.7-74 1-4.5 1.7-9.2 1.7-14 0-35.3-28.7-64-64-64-.8 0-1.5.2-2.2.2C422.7 20.5 397.9 0 368 0c-35.3 0-64 28.6-64 64v376c0 39.8 32.2 72 72 72 31.8 0 58.4-20.7 68-49.2 3.9.7 7.9 1.2 12 1.2 39.8 0 72-32.2 72-72 0-4.8-.5-9.5-1.4-14.1 29-12 49.4-40.6 49.4-73.9z\"><\/path><\/svg>\t\t\t<\/div>\n\t\t<\/div>\n\t\t\t\t\t\t<\/div>\n\t\t\t\t<\/div>\n\t\t\t\t<div class=\"elementor-element elementor-element-ad6553a elementor-widget elementor-widget-heading\" data-id=\"ad6553a\" data-element_type=\"widget\" data-widget_type=\"heading.default\">\n\t\t\t\t<div class=\"elementor-widget-container\">\n\t\t\t\t\t<h3 class=\"elementor-heading-title elementor-size-default\">Wsparcie mentalne<\/h3>\t\t\t\t<\/div>\n\t\t\t\t<\/div>\n\t\t\t\t<div class=\"elementor-element elementor-element-0572550 elementor-widget elementor-widget-text-editor\" data-id=\"0572550\" data-element_type=\"widget\" data-widget_type=\"text-editor.default\">\n\t\t\t\t<div class=\"elementor-widget-container\">\n\t\t\t\t\t\t\t\t\t<p><em>Pomagam osobom do\u015bwiadczaj\u0105cym przeci\u0105\u017cenia psychicznego, stresu, spadku nastroju, trudno\u015bci emocjonalnych, obni\u017conej samooceny. Wsp\u00f3lnie pracujemy nad lepszym rozumieniem siebie, swoich reakcji i potrzeb. Szukamy sposob\u00f3w radzenia sobie z codziennymi wyzwaniam.<\/em><\/p>\t\t\t\t\t\t\t\t<\/div>\n\t\t\t\t<\/div>\n\t\t\t\t<\/div>\n\t\t<div class=\"elementor-element elementor-element-c34028a e-con-full e-flex e-con e-child\" data-id=\"c34028a\" data-element_type=\"container\" data-settings=\"{&quot;background_background&quot;:&quot;classic&quot;}\">\n\t\t\t\t<div class=\"elementor-element elementor-element-b4a15d6 elementor-view-default elementor-widget elementor-widget-icon\" data-id=\"b4a15d6\" data-element_type=\"widget\" data-widget_type=\"icon.default\">\n\t\t\t\t<div class=\"elementor-widget-container\">\n\t\t\t\t\t\t\t<div class=\"elementor-icon-wrapper\">\n\t\t\t<div class=\"elementor-icon\">\n\t\t\t<svg aria-hidden=\"true\" class=\"e-font-icon-svg e-fas-running\" viewBox=\"0 0 416 512\" xmlns=\"http:\/\/www.w3.org\/2000\/svg\"><path d=\"M272 96c26.51 0 48-21.49 48-48S298.51 0 272 0s-48 21.49-48 48 21.49 48 48 48zM113.69 317.47l-14.8 34.52H32c-17.67 0-32 14.33-32 32s14.33 32 32 32h77.45c19.25 0 36.58-11.44 44.11-29.09l8.79-20.52-10.67-6.3c-17.32-10.23-30.06-25.37-37.99-42.61zM384 223.99h-44.03l-26.06-53.25c-12.5-25.55-35.45-44.23-61.78-50.94l-71.08-21.14c-28.3-6.8-57.77-.55-80.84 17.14l-39.67 30.41c-14.03 10.75-16.69 30.83-5.92 44.86s30.84 16.66 44.86 5.92l39.69-30.41c7.67-5.89 17.44-8 25.27-6.14l14.7 4.37-37.46 87.39c-12.62 29.48-1.31 64.01 26.3 80.31l84.98 50.17-27.47 87.73c-5.28 16.86 4.11 34.81 20.97 40.09 3.19 1 6.41 1.48 9.58 1.48 13.61 0 26.23-8.77 30.52-22.45l31.64-101.06c5.91-20.77-2.89-43.08-21.64-54.39l-61.24-36.14 31.31-78.28 20.27 41.43c8 16.34 24.92 26.89 43.11 26.89H384c17.67 0 32-14.33 32-32s-14.33-31.99-32-31.99z\"><\/path><\/svg>\t\t\t<\/div>\n\t\t<\/div>\n\t\t\t\t\t\t<\/div>\n\t\t\t\t<\/div>\n\t\t\t\t<div class=\"elementor-element elementor-element-b7a7c98 elementor-widget elementor-widget-heading\" data-id=\"b7a7c98\" data-element_type=\"widget\" data-widget_type=\"heading.default\">\n\t\t\t\t<div class=\"elementor-widget-container\">\n\t\t\t\t\t<h3 class=\"elementor-heading-title elementor-size-default\">Psychologia sportu<\/h3>\t\t\t\t<\/div>\n\t\t\t\t<\/div>\n\t\t\t\t<div class=\"elementor-element elementor-element-29f8245 elementor-widget elementor-widget-text-editor\" data-id=\"29f8245\" data-element_type=\"widget\" data-widget_type=\"text-editor.default\">\n\t\t\t\t<div class=\"elementor-widget-container\">\n\t\t\t\t\t\t\t\t\t<p><em>Wspieram sportowc\u00f3w oraz osoby aktywne fizycznie, kt\u00f3re chc\u0105 \u015bwiadomie zadba\u0107 o swoj\u0105 sfer\u0119 mentaln\u0105. Pracuj\u0119 z osobami, kt\u00f3re potrzebuj\u0105 wsparcia w zakresie regeneracji psychicznej, stawiania cel\u00f3w, utrzymania motywacji oraz przygotowania mentalnego do start\u00f3w i wyzwa\u0144 sportowych.&nbsp;<\/em><\/p>\t\t\t\t\t\t\t\t<\/div>\n\t\t\t\t<\/div>\n\t\t\t\t<\/div>\n\t\t<div class=\"elementor-element elementor-element-1cc9e83 e-con-full e-flex e-con e-child\" data-id=\"1cc9e83\" data-element_type=\"container\" data-settings=\"{&quot;background_background&quot;:&quot;classic&quot;}\">\n\t\t\t\t<div class=\"elementor-element elementor-element-9457036 elementor-view-default elementor-widget elementor-widget-icon\" data-id=\"9457036\" data-element_type=\"widget\" data-widget_type=\"icon.default\">\n\t\t\t\t<div class=\"elementor-widget-container\">\n\t\t\t\t\t\t\t<div class=\"elementor-icon-wrapper\">\n\t\t\t<div class=\"elementor-icon\">\n\t\t\t<svg aria-hidden=\"true\" class=\"e-font-icon-svg e-fas-briefcase\" viewBox=\"0 0 512 512\" xmlns=\"http:\/\/www.w3.org\/2000\/svg\"><path d=\"M320 336c0 8.84-7.16 16-16 16h-96c-8.84 0-16-7.16-16-16v-48H0v144c0 25.6 22.4 48 48 48h416c25.6 0 48-22.4 48-48V288H320v48zm144-208h-80V80c0-25.6-22.4-48-48-48H176c-25.6 0-48 22.4-48 48v48H48c-25.6 0-48 22.4-48 48v80h512v-80c0-25.6-22.4-48-48-48zm-144 0H192V96h128v32z\"><\/path><\/svg>\t\t\t<\/div>\n\t\t<\/div>\n\t\t\t\t\t\t<\/div>\n\t\t\t\t<\/div>\n\t\t\t\t<div class=\"elementor-element elementor-element-398b996 elementor-widget elementor-widget-heading\" data-id=\"398b996\" data-element_type=\"widget\" data-widget_type=\"heading.default\">\n\t\t\t\t<div class=\"elementor-widget-container\">\n\t\t\t\t\t<h3 class=\"elementor-heading-title elementor-size-default\">Rozw\u00f3j kariery<\/h3>\t\t\t\t<\/div>\n\t\t\t\t<\/div>\n\t\t\t\t<div class=\"elementor-element elementor-element-0affc54 elementor-widget elementor-widget-text-editor\" data-id=\"0affc54\" data-element_type=\"widget\" data-widget_type=\"text-editor.default\">\n\t\t\t\t<div class=\"elementor-widget-container\">\n\t\t\t\t\t\t\t\t\t<p><em>Pomagam osobom, kt\u00f3re czuj\u0105 zagubienie zawodowe, my\u015bl\u0105 o zmianie pracy lub do\u015bwiadczaj\u0105 trudno\u015bci zawodowych. Wsp\u00f3lnie analizujemy zasoby, warto\u015bci i potrzeby, aby podejmowane decyzje zawodowe by\u0142y bardziej \u015bwiadome i sp\u00f3jne z Twoimi oczekiwaniami oraz celami.<\/em><\/p>\t\t\t\t\t\t\t\t<\/div>\n\t\t\t\t<\/div>\n\t\t\t\t<\/div>\n\t\t\t\t<\/div>\n\t\t\t\t<\/div>\n\t\t\t\t\t<\/div>\n\t\t\t\t<\/div>\n\t\t<div class=\"elementor-element elementor-element-r58xqk2 e-flex e-con-boxed e-con e-parent\" data-id=\"r58xqk2\" data-element_type=\"container\" data-settings=\"{&quot;background_background&quot;:&quot;gradient&quot;}\">\n\t\t\t\t\t<div class=\"e-con-inner\">\n\t\t<div class=\"elementor-element elementor-element-9721ebc e-con-full e-flex e-con e-child\" data-id=\"9721ebc\" data-element_type=\"container\">\n\t\t\t\t<div class=\"elementor-element elementor-element-7793c79 elementor-widget elementor-widget-heading\" data-id=\"7793c79\" data-element_type=\"widget\" data-widget_type=\"heading.default\">\n\t\t\t\t<div class=\"elementor-widget-container\">\n\t\t\t\t\t<h2 class=\"elementor-heading-title elementor-size-default\">Jestem magistrem psychologii - rozwijaj\u0105cym si\u0119 w psychologii sportu.<\/h2>\t\t\t\t<\/div>\n\t\t\t\t<\/div>\n\t\t\t\t<div class=\"elementor-element elementor-element-de2eb64 elementor-widget elementor-widget-heading\" data-id=\"de2eb64\" data-element_type=\"widget\" data-widget_type=\"heading.default\">\n\t\t\t\t<div class=\"elementor-widget-container\">\n\t\t\t\t\t<h2 class=\"elementor-heading-title elementor-size-default\"><span style=\"font-weight:normal\"><p dir=\"ltr\" style=\"line-height:1.38;margin-top:0pt;margin-bottom:0pt\"><span style=\"font-size: 11pt;font-family: Arial, sans-serif;background-color: transparent;vertical-align: baseline\">Pracuj\u0119 z <\/span><span style=\"font-size: 11pt;font-family: Arial, sans-serif;background-color: transparent;font-weight: 700;vertical-align: baseline\">osobami doros\u0142ymi,<\/span><span style=\"font-size: 11pt;font-family: Arial, sans-serif;background-color: transparent;vertical-align: baseline\"> kt\u00f3re do\u015bwiadczaj\u0105 <\/span><span style=\"font-size: 11pt;font-family: Arial, sans-serif;background-color: transparent;font-weight: 700;vertical-align: baseline\">stresu<\/span><span style=\"font-size: 11pt;font-family: Arial, sans-serif;background-color: transparent;vertical-align: baseline\">, <\/span><span style=\"font-size: 11pt;font-family: Arial, sans-serif;background-color: transparent;font-weight: 700;vertical-align: baseline\">przeci\u0105\u017cenia emocjonalnego, trudno\u015bci w relacjach lub znajduj\u0105 si\u0119 w wa\u017cnym momencie zmiany.&nbsp;<\/span><\/p><p dir=\"ltr\" style=\"line-height:1.38;margin-top:0pt;margin-bottom:0pt\"><span style=\"font-size: 11pt;font-family: Arial, sans-serif;background-color: transparent;vertical-align: baseline\">Wspieram osoby, kt\u00f3re chc\u0105 lepiej zrozumie\u0107 siebie, wzmocni\u0107 odporno\u015b\u0107 psychiczn\u0105 i odzyska\u0107 poczucie wp\u0142ywu na w\u0142asne \u017cycie.&nbsp;<\/span><\/p><\/span><br><span style=\"font-weight:normal\"><p dir=\"ltr\" style=\"line-height:1.38;margin-top:0pt;margin-bottom:0pt\"><span style=\"font-style: inherit;font-weight: inherit;background-color: transparent;font-size: 11pt;font-family: Arial, sans-serif;vertical-align: baseline\">Towarzysz\u0119 r\u00f3wnie\u017c <\/span><span style=\"font-style: inherit;background-color: transparent;font-size: 11pt;font-family: Arial, sans-serif;font-weight: 700;vertical-align: baseline\">sportowcom<\/span><span style=\"font-style: inherit;font-weight: inherit;background-color: transparent;font-size: 11pt;font-family: Arial, sans-serif;vertical-align: baseline\"> i osobom <\/span><span style=\"font-style: inherit;background-color: transparent;font-size: 11pt;font-family: Arial, sans-serif;font-weight: 700;vertical-align: baseline\">aktywnym fizycznie <\/span><span style=\"font-style: inherit;font-weight: inherit;background-color: transparent;font-size: 11pt;font-family: Arial, sans-serif;vertical-align: baseline\">w budowaniu <\/span><span style=\"font-style: inherit;background-color: transparent;font-size: 11pt;font-family: Arial, sans-serif;font-weight: 700;vertical-align: baseline\">pewno\u015bci siebie<\/span><span style=\"font-style: inherit;font-weight: inherit;background-color: transparent;font-size: 11pt;font-family: Arial, sans-serif;vertical-align: baseline\">, <\/span><span style=\"font-style: inherit;background-color: transparent;font-size: 11pt;font-family: Arial, sans-serif;font-weight: 700;vertical-align: baseline\">motywacji<\/span><span style=\"font-style: inherit;font-weight: inherit;background-color: transparent;font-size: 11pt;font-family: Arial, sans-serif;vertical-align: baseline\">, <\/span><span style=\"font-style: inherit;background-color: transparent;font-size: 11pt;font-family: Arial, sans-serif;font-weight: 700;vertical-align: baseline\">koncentracji<\/span><span style=\"font-style: inherit;font-weight: inherit;background-color: transparent;font-size: 11pt;font-family: Arial, sans-serif;vertical-align: baseline\"> oraz <\/span><span style=\"font-style: inherit;background-color: transparent;font-size: 11pt;font-family: Arial, sans-serif;font-weight: 700;vertical-align: baseline\">w radzeniu sobie z presj\u0105 i wypaleniem<\/span><span style=\"font-style: inherit;font-weight: inherit;background-color: transparent;font-size: 11pt;font-family: Arial, sans-serif;vertical-align: baseline\">.&nbsp;<\/span><\/p><\/span><br><span style=\"font-weight:normal\"><p dir=\"ltr\" style=\"line-height:1.38;margin-top:0pt;margin-bottom:0pt\"><span style=\"font-style: inherit;font-weight: inherit;background-color: transparent;font-size: 11pt;font-family: Arial, sans-serif;vertical-align: baseline\">Pracuj\u0119 tak\u017ce z osobami poszukuj\u0105cymi swojej <\/span><span style=\"font-style: inherit;background-color: transparent;font-size: 11pt;font-family: Arial, sans-serif;font-weight: 700;vertical-align: baseline\">\u015bcie\u017cki zawodowej<\/span><span style=\"font-style: inherit;font-weight: inherit;background-color: transparent;font-size: 11pt;font-family: Arial, sans-serif;vertical-align: baseline\">, stoj\u0105cymi przed zmian\u0105 lub decyzj\u0105 rozwojow\u0105 - wykorzystuj\u0105c do\u015bwiadczenie zdobyte w obszarze <\/span><span style=\"font-style: inherit;background-color: transparent;font-size: 11pt;font-family: Arial, sans-serif;font-weight: 700;vertical-align: baseline\">rekrutacji i HR.<\/span><span style=\"background-color: transparent;font-style: inherit;font-weight: 600\"><\/span><\/p><\/span><\/h2>\t\t\t\t<\/div>\n\t\t\t\t<\/div>\n\t\t\t\t<\/div>\n\t\t\t\t\t<\/div>\n\t\t\t\t<\/div>\n\t\t<div class=\"elementor-element elementor-element-680be52 e-flex e-con-boxed e-con e-parent\" data-id=\"680be52\" data-element_type=\"container\">\n\t\t\t\t\t<div class=\"e-con-inner\">\n\t\t\t\t<div class=\"elementor-element elementor-element-ffbc136 elementor-widget elementor-widget-html\" data-id=\"ffbc136\" data-element_type=\"widget\" id=\"c2y8\" data-widget_type=\"html.default\">\n\t\t\t\t<div class=\"elementor-widget-container\">\n\t\t\t\t\t<script type=\"text\/javascript\" async src=\"https:\/\/static.zcal.co\/embed\/v1\/embed.js\"><\/script>\n<div class=\"zcal-inline-widget\"><a href=\"https:\/\/zcal.co\/i\/pQAn0O1h\">Konsultacja psychologiczna - Schedule a meeting<\/a><\/div>\t\t\t\t<\/div>\n\t\t\t\t<\/div>\n\t\t\t\t\t<\/div>\n\t\t\t\t<\/div>\n\t\t\t\t<\/div>\n\t\t","protected":false},"excerpt":{"rendered":"<p>Natalia Kaczmarczyk | Psychologia Twoja przestrze\u0144 wspieraj\u0105ca proces&nbsp;zmiany,&nbsp;rozwoju i regeneracji Um\u00f3w si\u0119 na konsultacje G\u0142\u00f3wne obszary pracy Wsparcie mentalne Pomagam [&hellip;]<\/p>\n","protected":false},"author":1,"featured_media":0,"parent":0,"menu_order":0,"comment_status":"closed","ping_status":"closed","template":"","meta":{"site-sidebar-layout":"no-sidebar","site-content-layout":"","ast-site-content-layout":"full-width-container","site-content-style":"default","site-sidebar-style":"default","ast-global-header-display":"","ast-banner-title-visibility":"","ast-main-header-display":"","ast-hfb-above-header-display":"","ast-hfb-below-header-display":"","ast-hfb-mobile-header-display":"","site-post-title":"","ast-breadcrumbs-content":"","ast-featured-img":"disabled","footer-sml-layout":"","theme-transparent-header-meta":"","adv-header-id-meta":"","stick-header-meta":"","header-above-stick-meta":"","header-main-stick-meta":"","header-below-stick-meta":"","astra-migrate-meta-layouts":"default","ast-page-background-enabled":"default","ast-page-background-meta":{"desktop":{"background-color":"var(--ast-global-color-5)","background-image":"","background-repeat":"repeat","background-position":"center center","background-size":"auto","background-attachment":"scroll","background-type":"","background-media":"","overlay-type":"","overlay-color":"","overlay-opacity":"","overlay-gradient":""},"tablet":{"background-color":"","background-image":"","background-repeat":"repeat","background-position":"center center","background-size":"auto","background-attachment":"scroll","background-type":"","background-media":"","overlay-type":"","overlay-color":"","overlay-opacity":"","overlay-gradient":""},"mobile":{"background-color":"","background-image":"","background-repeat":"repeat","background-position":"center center","background-size":"auto","background-attachment":"scroll","background-type":"","background-media":"","overlay-type":"","overlay-color":"","overlay-opacity":"","overlay-gradient":""}},"ast-content-background-meta":{"desktop":{"background-color":"var(--ast-global-color-4)","background-image":"","background-repeat":"repeat","background-position":"center center","background-size":"auto","background-attachment":"scroll","background-type":"","background-media":"","overlay-type":"","overlay-color":"","overlay-opacity":"","overlay-gradient":""},"tablet":{"background-color":"var(--ast-global-color-4)","background-image":"","background-repeat":"repeat","background-position":"center center","background-size":"auto","background-attachment":"scroll","background-type":"","background-media":"","overlay-type":"","overlay-color":"","overlay-opacity":"","overlay-gradient":""},"mobile":{"background-color":"var(--ast-global-color-4)","background-image":"","background-repeat":"repeat","background-position":"center center","background-size":"auto","background-attachment":"scroll","background-type":"","background-media":"","overlay-type":"","overlay-color":"","overlay-opacity":"","overlay-gradient":""}},"footnotes":""},"class_list":["post-27","page","type-page","status-publish","hentry"],"_links":{"self":[{"href":"https:\/\/www.nataliapsycholog.pl\/index.php\/wp-json\/wp\/v2\/pages\/27","targetHints":{"allow":["GET"]}}],"collection":[{"href":"https:\/\/www.nataliapsycholog.pl\/index.php\/wp-json\/wp\/v2\/pages"}],"about":[{"href":"https:\/\/www.nataliapsycholog.pl\/index.php\/wp-json\/wp\/v2\/types\/page"}],"author":[{"embeddable":true,"href":"https:\/\/www.nataliapsycholog.pl\/index.php\/wp-json\/wp\/v2\/users\/1"}],"replies":[{"embeddable":true,"href":"https:\/\/www.nataliapsycholog.pl\/index.php\/wp-json\/wp\/v2\/comments?post=27"}],"version-history":[{"count":0,"href":"https:\/\/www.nataliapsycholog.pl\/index.php\/wp-json\/wp\/v2\/pages\/27\/revisions"}],"wp:attachment":[{"href":"https:\/\/www.nataliapsycholog.pl\/index.php\/wp-json\/wp\/v2\/media?parent=27"}],"curies":[{"name":"wp","href":"https:\/\/api.w.org\/{rel}","templated":true}]}}